{"id":61,"date":"2025-07-01T17:26:01","date_gmt":"2025-07-01T17:26:01","guid":{"rendered":"https:\/\/www.i4m.at\/?page_id=61"},"modified":"2025-07-16T20:50:20","modified_gmt":"2025-07-16T20:50:20","slug":"about","status":"publish","type":"page","link":"https:\/\/www.i4m.at\/?page_id=61","title":{"rendered":"About"},"content":{"rendered":"\n<div class=\"wp-block-uagb-container uagb-block-1a749c58 alignfull uagb-is-root-container\"><div class=\"uagb-container-inner-blocks-wrap\">\n<div class=\"wp-block-uagb-container uagb-block-c31566db alignfull uagb-is-root-container\"><div class=\"uagb-container-inner-blocks-wrap\">\n<div class=\"wp-block-uagb-advanced-heading uagb-block-f3ca9bdd\"><h2 class=\"uagb-heading-text\">Digital neu durchdacht, einfach &amp; bodenst\u00e4ndig, das sind wir &#8230;<\/h2><\/div>\n\n\n\n<div class=\"wp-block-uagb-info-box uagb-block-6598e457 uagb-infobox__content-wrap  uagb-infobox-icon-above-title uagb-infobox-image-valign-top\"><div class=\"uagb-ifb-content\"><div class=\"uagb-ifb-title-wrap\"><h3 class=\"uagb-ifb-title\">&#8230; Vom Zufall gepr\u00e4gt, mit Leidenschaft gewachsen.<\/h3><\/div><p class=\"uagb-ifb-desc\">Beruflicher Werdegang \u2013 i4m: Pers\u00f6nlich. Technisch. Klar.<\/p><\/div><\/div>\n<\/div><\/div>\n\n\n\n<div class=\"wp-block-uagb-container uagb-block-c06cb6ec alignfull uagb-is-root-container\"><div class=\"uagb-container-inner-blocks-wrap\">\n<div class=\"wp-block-uagb-container uagb-block-45d9d693\">\n<div class=\"wp-block-uagb-info-box uagb-block-864dae45 uagb-infobox__content-wrap  uagb-infobox-icon-above-title uagb-infobox-image-valign-top\"><div class=\"uagb-ifb-content\"><div class=\"uagb-ifb-title-wrap\"><h3 class=\"uagb-ifb-title\">Vom Technikraum ins Rechenzentrum \u2013 und weiter.<\/h3><\/div><p class=\"uagb-ifb-desc\">Zu Beginn der 2000er-Jahre f\u00fchrte ein Zufall einen Haustechniker mit Schwerpunkt Klimatechnik in die Welt der Informationstechnologie. Gelernt war das nicht \u2013 doch gerade das Unbekannte machte neugierig. Was mit kleinen Aufgaben im Vor-Ort-Support und Callcenter begann, entwickelte sich schnell zur beruflichen Leidenschaft. Je gr\u00f6\u00dfer die Herausforderung, desto gr\u00f6\u00dfer der Ansporn, sich weiterzuentwickeln.<\/p><\/div><\/div>\n\n\n\n<div class=\"wp-block-uagb-info-box uagb-block-911a3b8d uagb-infobox__content-wrap  uagb-infobox-icon-above-title uagb-infobox-image-valign-top\"><div class=\"uagb-ifb-content\"><div class=\"uagb-ifb-title-wrap\"><h3 class=\"uagb-ifb-title\">Durch Leistung \u00fcberzeugt \u2013 und pl\u00f6tzlich mittendrin.<\/h3><\/div><p class=\"uagb-ifb-desc\">Ein unerwarteter Komplettausfall eines zentralen IT-Systems wurde zum Wendepunkt: Die bis dahin selbst erarbeitete Kompetenz zeigte gerade in dieser Ausnahmesituation Wirkung \u2013 und \u00f6ffnete die T\u00fcr in den Gro\u00dfrechnerbereich. Innerhalb von f\u00fcnf Jahren ging es von der Basis-IT in komplexe Serverlandschaften, die von da an viele Jahre den beruflichen Alltag bestimmten.<\/p><\/div><\/div>\n<\/div>\n\n\n\n<div class=\"wp-block-uagb-container uagb-block-3fb25a27\">\n<div class=\"wp-block-uagb-info-box uagb-block-c5a16d35 uagb-infobox__content-wrap  uagb-infobox-icon-above-title uagb-infobox-image-valign-top\"><div class=\"uagb-ifb-content\"><div class=\"uagb-ifb-title-wrap\"><h3 class=\"uagb-ifb-title\">Rollenvielfalt \u2013 Erfahrung durch Praxis.<\/h3><\/div><p class=\"uagb-ifb-desc\">Die berufliche Entwicklung f\u00fchrte durch zahlreiche Rollen: Computer-Administrator, IT-Engineer, Projektmanager, IT-Koordinator, Infrastrukturverantwortlicher, Sicherheitsbeauftragter, Teamleiter, Gruppenleiter. St\u00e4ndige Konzern-Umbauten und neue Strategien sorgten f\u00fcr steten Wandel \u2013 und f\u00fcr ebenso viele Chancen zum Lernen.<\/p><\/div><\/div>\n\n\n\n<div class=\"wp-block-uagb-info-box uagb-block-91271d10 uagb-infobox__content-wrap  uagb-infobox-icon-above-title uagb-infobox-image-valign-top\"><div class=\"uagb-ifb-content\"><div class=\"uagb-ifb-title-wrap\"><h3 class=\"uagb-ifb-title\">Grenzen der Konzernwelt \u2013 und der Schritt in die Eigenverantwortung.<\/h3><\/div><p class=\"uagb-ifb-desc\">Mit der Zeit entfernte sich die Konzernpolitik immer weiter von der Praxis. Strukturen wurden komplex, Entscheidungen schwer nachvollziehbar, echte L\u00f6sungen oft durch B\u00fcrokratie blockiert. Die Idee, etwas Eigenes zu schaffen \u2013 klar, pragmatisch, auf Augenh\u00f6he \u2013 war l\u00e4ngst da, doch erst 2025 wurde sie Realit\u00e4t: <strong>i4m \u2013 IT for me<\/strong>.<\/p><\/div><\/div>\n<\/div>\n<\/div><\/div>\n\n\n\n<div class=\"wp-block-uagb-container uagb-block-e3b048f0 alignfull uagb-is-root-container\"><div class=\"uagb-container-inner-blocks-wrap\">\n<div class=\"wp-block-uagb-info-box uagb-block-6718828d uagb-infobox__content-wrap  uagb-infobox-icon-above-title uagb-infobox-image-valign-top\"><div class=\"uagb-ifb-content\"><div class=\"uagb-ifb-title-wrap\"><h3 class=\"uagb-ifb-title\">IT greifbar machen. Einfach. Ehrlich. Effizient.<\/h3><\/div><p class=\"uagb-ifb-desc\"><em>i4m<\/em> steht f\u00fcr bodenst\u00e4ndige IT, fernab von Aufbl\u00e4hung und Buzzwords. Komplexe L\u00f6sungen, auf das Wesentliche reduziert. Verst\u00e4ndlich. Pers\u00f6nlich. Und mit dem Anspruch, Enterprise-Erfahrung in eine Form zu bringen, die auch kleinen Unternehmen, Projekten und Menschen wirklich n\u00fctzt. Ohne Schnickschnack. Ohne hei\u00dfe Luft. Einfach:<br>&#8222;<strong>IT for me&#8220; \u2013 i4m.at.<\/strong><\/p><\/div><\/div>\n<\/div><\/div>\n\n\n\n<div class=\"wp-block-uagb-container uagb-block-64999c16 alignfull uagb-is-root-container\"><div class=\"uagb-container-inner-blocks-wrap\">\n<div class=\"wp-block-uagb-info-box uagb-block-a4c0d1e4 uagb-infobox__content-wrap  uagb-infobox-icon-above-title uagb-infobox-image-valign-top wp-block-uagb-info-box--has-margin\"><div class=\"uagb-infobox-margin-wrapper\"><div class=\"uagb-ifb-content\"><div class=\"uagb-ifb-title-wrap\"><h2 class=\"uagb-ifb-title\">haben Sie Fragen ?<\/h2><\/div><p class=\"uagb-ifb-desc\">Wir beraten Sie gerne. Individuell, verst\u00e4ndlich und unkompliziert.<\/p><div class=\"uagb-ifb-button-wrapper wp-block-button\"><a href=\"?page_id=63\" class=\"uagb-infobox-cta-link wp-block-button__link\" target=\"_self\" rel=\"noopener noreferrer\" onclick=\"return true;\"><span class=\"uagb-inline-editing\">Schreiben sie uns<\/span><\/a><\/div><\/div><\/div><\/div>\n<\/div><\/div>\n<\/div><\/div>\n","protected":false},"excerpt":{"rendered":"<p>Digital neu durchdacht, einfach &amp; bodenst\u00e4ndig, das sind wir &#8230;<\/p>\n","protected":false},"author":6,"featured_media":0,"parent":0,"menu_order":0,"comment_status":"closed","ping_status":"closed","template":"","meta":{"_uag_custom_page_level_css":"","site-sidebar-layout":"no-sidebar","site-content-layout":"","ast-site-content-layout":"normal-width-container","site-content-style":"default","site-sidebar-style":"default","ast-global-header-display":"","ast-banner-title-visibility":"","ast-main-header-display":"","ast-hfb-above-header-display":"","ast-hfb-below-header-display":"","ast-hfb-mobile-header-display":"","site-post-title":"disabled","ast-breadcrumbs-content":"","ast-featured-img":"","footer-sml-layout":"","ast-disable-related-posts":"","theme-transparent-header-meta":"enabled","adv-header-id-meta":"","stick-header-meta":"","header-above-stick-meta":"","header-main-stick-meta":"","header-below-stick-meta":"","astra-migrate-meta-layouts":"","ast-page-background-enabled":"default","ast-page-background-meta":{"desktop":{"background-color":"var(--ast-global-color-4)","background-image":"","background-repeat":"repeat","background-position":"center center","background-size":"auto","background-attachment":"scroll","background-type":"","background-media":"","overlay-type":"","overlay-color":"","overlay-opacity":"","overlay-gradient":""},"tablet":{"background-color":"","background-image":"","background-repeat":"repeat","background-position":"center center","background-size":"auto","background-attachment":"scroll","background-type":"","background-media":"","overlay-type":"","overlay-color":"","overlay-opacity":"","overlay-gradient":""},"mobile":{"background-color":"","background-image":"","background-repeat":"repeat","background-position":"center center","background-size":"auto","background-attachment":"scroll","background-type":"","background-media":"","overlay-type":"","overlay-color":"","overlay-opacity":"","overlay-gradient":""}},"ast-content-background-meta":{"desktop":{"background-color":"var(--ast-global-color-5)","background-image":"","background-repeat":"repeat","background-position":"center center","background-size":"auto","background-attachment":"scroll","background-type":"","background-media":"","overlay-type":"","overlay-color":"","overlay-opacity":"","overlay-gradient":""},"tablet":{"background-color":"var(--ast-global-color-5)","background-image":"","background-repeat":"repeat","background-position":"center center","background-size":"auto","background-attachment":"scroll","background-type":"","background-media":"","overlay-type":"","overlay-color":"","overlay-opacity":"","overlay-gradient":""},"mobile":{"background-color":"var(--ast-global-color-5)","background-image":"","background-repeat":"repeat","background-position":"center center","background-size":"auto","background-attachment":"scroll","background-type":"","background-media":"","overlay-type":"","overlay-color":"","overlay-opacity":"","overlay-gradient":""}},"footnotes":"","_wp_rev_ctl_limit":""},"class_list":["post-61","page","type-page","status-publish","hentry"],"uagb_featured_image_src":{"full":false,"thumbnail":false,"medium":false,"medium_large":false,"large":false,"1536x1536":false,"2048x2048":false},"uagb_author_info":{"display_name":"8ilm6s9tnqrt","author_link":"https:\/\/www.i4m.at\/?author=6"},"uagb_comment_info":0,"uagb_excerpt":"Digital neu durchdacht, einfach &amp; bodenst\u00e4ndig, das sind wir &#8230;","_links":{"self":[{"href":"https:\/\/www.i4m.at\/index.php?rest_route=\/wp\/v2\/pages\/61","targetHints":{"allow":["GET"]}}],"collection":[{"href":"https:\/\/www.i4m.at\/index.php?rest_route=\/wp\/v2\/pages"}],"about":[{"href":"https:\/\/www.i4m.at\/index.php?rest_route=\/wp\/v2\/types\/page"}],"author":[{"embeddable":true,"href":"https:\/\/www.i4m.at\/index.php?rest_route=\/wp\/v2\/users\/6"}],"replies":[{"embeddable":true,"href":"https:\/\/www.i4m.at\/index.php?rest_route=%2Fwp%2Fv2%2Fcomments&post=61"}],"version-history":[{"count":24,"href":"https:\/\/www.i4m.at\/index.php?rest_route=\/wp\/v2\/pages\/61\/revisions"}],"predecessor-version":[{"id":1015,"href":"https:\/\/www.i4m.at\/index.php?rest_route=\/wp\/v2\/pages\/61\/revisions\/1015"}],"wp:attachment":[{"href":"https:\/\/www.i4m.at\/index.php?rest_route=%2Fwp%2Fv2%2Fmedia&parent=61"}],"curies":[{"name":"wp","href":"https:\/\/api.w.org\/{rel}","templated":true}]}}